{"id":7,"date":"2017-12-08T16:15:22","date_gmt":"2017-12-08T15:15:22","guid":{"rendered":"http:\/\/agerdal.dk\/?page_id=7"},"modified":"2026-01-14T14:28:31","modified_gmt":"2026-01-14T13:28:31","slug":"home","status":"publish","type":"page","link":"https:\/\/agerdal.dk\/","title":{"rendered":"Det sorte Hus"},"content":{"rendered":"\n<p>Det sorte Hus er Agedals g\u00e6stehus.<\/p>\n\n\n\n<p>Huset er 56 m stort og ligger for sig selv, nord for stuehuset, med udsigt over marken og k\u00f8kkenhaven. Det er indrettet med to gode v\u00e6relser, eget bad\/ toilet,  stue og k\u00f8kken.<\/p>\n\n\n\n<figure class=\"wp-block-gallery has-nested-images columns-default is-cropped wp-block-gallery-1 is-layout-flex wp-block-gallery-is-layout-flex\">\n<figure class=\"wp-block-image size-large\"><img loading=\"lazy\" decoding=\"async\" width=\"1024\" height=\"768\" data-id=\"782\" src=\"https:\/\/agerdal.dk\/wp-content\/uploads\/2026\/01\/small_20260108_164215-1024x768.jpg\" alt=\"\" class=\"wp-image-782\" srcset=\"https:\/\/agerdal.dk\/wp-content\/uploads\/2026\/01\/small_20260108_164215-1024x768.jpg 1024w, https:\/\/agerdal.dk\/wp-content\/uploads\/2026\/01\/small_20260108_164215-300x225.jpg 300w, https:\/\/agerdal.dk\/wp-content\/uploads\/2026\/01\/small_20260108_164215-768x576.jpg 768w, https:\/\/agerdal.dk\/wp-content\/uploads\/2026\/01\/small_20260108_164215.jpg 1200w\" sizes=\"auto, (max-width: 767px) 89vw, (max-width: 1000px) 54vw, (max-width: 1071px) 543px, 580px\" \/><\/figure>\n\n\n\n<figure class=\"wp-block-image size-large\"><img loading=\"lazy\" decoding=\"async\" width=\"768\" height=\"1024\" data-id=\"781\" src=\"https:\/\/agerdal.dk\/wp-content\/uploads\/2026\/01\/small_20260112_105249-e1768292767248-768x1024.jpg\" alt=\"\" class=\"wp-image-781\" srcset=\"https:\/\/agerdal.dk\/wp-content\/uploads\/2026\/01\/small_20260112_105249-e1768292767248-768x1024.jpg 768w, https:\/\/agerdal.dk\/wp-content\/uploads\/2026\/01\/small_20260112_105249-e1768292767248-225x300.jpg 225w, https:\/\/agerdal.dk\/wp-content\/uploads\/2026\/01\/small_20260112_105249-e1768292767248.jpg 900w\" sizes=\"auto, (max-width: 767px) 89vw, (max-width: 1000px) 54vw, (max-width: 1071px) 543px, 580px\" \/><\/figure>\n\n\n\n<figure class=\"wp-block-image size-large\"><img loading=\"lazy\" decoding=\"async\" width=\"768\" height=\"1024\" data-id=\"771\" src=\"https:\/\/agerdal.dk\/wp-content\/uploads\/2026\/01\/small_20260112_110125-e1768292854345-768x1024.jpg\" alt=\"\" class=\"wp-image-771\" srcset=\"https:\/\/agerdal.dk\/wp-content\/uploads\/2026\/01\/small_20260112_110125-e1768292854345-768x1024.jpg 768w, https:\/\/agerdal.dk\/wp-content\/uploads\/2026\/01\/small_20260112_110125-e1768292854345-225x300.jpg 225w, https:\/\/agerdal.dk\/wp-content\/uploads\/2026\/01\/small_20260112_110125-e1768292854345.jpg 900w\" sizes=\"auto, (max-width: 767px) 89vw, (max-width: 1000px) 54vw, (max-width: 1071px) 543px, 580px\" \/><\/figure>\n\n\n\n<figure class=\"wp-block-image size-large\"><img loading=\"lazy\" decoding=\"async\" width=\"1024\" height=\"768\" data-id=\"786\" src=\"https:\/\/agerdal.dk\/wp-content\/uploads\/2026\/01\/small_20260108_103451-1024x768.jpg\" alt=\"\" class=\"wp-image-786\" srcset=\"https:\/\/agerdal.dk\/wp-content\/uploads\/2026\/01\/small_20260108_103451-1024x768.jpg 1024w, https:\/\/agerdal.dk\/wp-content\/uploads\/2026\/01\/small_20260108_103451-300x225.jpg 300w, https:\/\/agerdal.dk\/wp-content\/uploads\/2026\/01\/small_20260108_103451-768x576.jpg 768w, https:\/\/agerdal.dk\/wp-content\/uploads\/2026\/01\/small_20260108_103451.jpg 1200w\" sizes=\"auto, (max-width: 767px) 89vw, (max-width: 1000px) 54vw, (max-width: 1071px) 543px, 580px\" \/><\/figure>\n<\/figure>\n\n\n\n<figure class=\"wp-block-image size-large\"><img loading=\"lazy\" decoding=\"async\" width=\"768\" height=\"1024\" src=\"https:\/\/agerdal.dk\/wp-content\/uploads\/2026\/01\/small_20260112_110447-e1768292880144-768x1024.jpg\" alt=\"\" class=\"wp-image-767\" srcset=\"https:\/\/agerdal.dk\/wp-content\/uploads\/2026\/01\/small_20260112_110447-e1768292880144-768x1024.jpg 768w, https:\/\/agerdal.dk\/wp-content\/uploads\/2026\/01\/small_20260112_110447-e1768292880144-225x300.jpg 225w, https:\/\/agerdal.dk\/wp-content\/uploads\/2026\/01\/small_20260112_110447-e1768292880144.jpg 900w\" sizes=\"auto, (max-width: 767px) 89vw, (max-width: 1000px) 54vw, (max-width: 1071px) 543px, 580px\" \/><\/figure>\n\n\n\n<p>Stue og k\u00f8kken.<\/p>\n\n\n\n<p>K\u00f8kkenet er indrettet med komfur, k\u00f8leskab og almindeligt husger\u00e5d.<\/p>\n\n\n\n<p>Der er kaffe og te til r\u00e5dighed.<\/p>\n\n\n\n<figure class=\"wp-block-gallery has-nested-images columns-default is-cropped wp-block-gallery-2 is-layout-flex wp-block-gallery-is-layout-flex\">\n<figure class=\"wp-block-image size-large\"><img loading=\"lazy\" decoding=\"async\" width=\"1024\" height=\"768\" data-id=\"774\" src=\"https:\/\/agerdal.dk\/wp-content\/uploads\/2026\/01\/small_20260112_105927-1024x768.jpg\" alt=\"\" class=\"wp-image-774\" srcset=\"https:\/\/agerdal.dk\/wp-content\/uploads\/2026\/01\/small_20260112_105927-1024x768.jpg 1024w, https:\/\/agerdal.dk\/wp-content\/uploads\/2026\/01\/small_20260112_105927-300x225.jpg 300w, https:\/\/agerdal.dk\/wp-content\/uploads\/2026\/01\/small_20260112_105927-768x576.jpg 768w, https:\/\/agerdal.dk\/wp-content\/uploads\/2026\/01\/small_20260112_105927.jpg 1200w\" sizes=\"auto, (max-width: 767px) 89vw, (max-width: 1000px) 54vw, (max-width: 1071px) 543px, 580px\" \/><\/figure>\n\n\n\n<figure class=\"wp-block-image size-large\"><img loading=\"lazy\" decoding=\"async\" width=\"768\" height=\"1024\" data-id=\"775\" src=\"https:\/\/agerdal.dk\/wp-content\/uploads\/2026\/01\/small_20260112_105802-e1768292828308-768x1024.jpg\" alt=\"\" class=\"wp-image-775\" srcset=\"https:\/\/agerdal.dk\/wp-content\/uploads\/2026\/01\/small_20260112_105802-e1768292828308-768x1024.jpg 768w, https:\/\/agerdal.dk\/wp-content\/uploads\/2026\/01\/small_20260112_105802-e1768292828308-225x300.jpg 225w, https:\/\/agerdal.dk\/wp-content\/uploads\/2026\/01\/small_20260112_105802-e1768292828308.jpg 900w\" sizes=\"auto, (max-width: 767px) 89vw, (max-width: 1000px) 54vw, (max-width: 1071px) 543px, 580px\" \/><\/figure>\n\n\n\n<figure class=\"wp-block-image size-large\"><img loading=\"lazy\" decoding=\"async\" width=\"768\" height=\"1024\" data-id=\"773\" src=\"https:\/\/agerdal.dk\/wp-content\/uploads\/2026\/01\/small_20260112_110009-e1768292839373-768x1024.jpg\" alt=\"\" class=\"wp-image-773\" srcset=\"https:\/\/agerdal.dk\/wp-content\/uploads\/2026\/01\/small_20260112_110009-e1768292839373-768x1024.jpg 768w, https:\/\/agerdal.dk\/wp-content\/uploads\/2026\/01\/small_20260112_110009-e1768292839373-225x300.jpg 225w, https:\/\/agerdal.dk\/wp-content\/uploads\/2026\/01\/small_20260112_110009-e1768292839373.jpg 900w\" sizes=\"auto, (max-width: 767px) 89vw, (max-width: 1000px) 54vw, (max-width: 1071px) 543px, 580px\" \/><\/figure>\n<\/figure>\n\n\n\n<p>Vestv\u00e6relset med dobbeltseng og flot udsigt til haven. Der kan evt. redes op med to enkeltsenge. Husets TV er her.<\/p>\n\n\n\n<figure class=\"wp-block-gallery has-nested-images columns-default is-cropped wp-block-gallery-3 is-layout-flex wp-block-gallery-is-layout-flex\">\n<figure class=\"wp-block-image size-large\"><img loading=\"lazy\" decoding=\"async\" width=\"768\" height=\"1024\" data-id=\"769\" src=\"https:\/\/agerdal.dk\/wp-content\/uploads\/2026\/01\/small_20260112_110151-e1768292872765-768x1024.jpg\" alt=\"\" class=\"wp-image-769\" srcset=\"https:\/\/agerdal.dk\/wp-content\/uploads\/2026\/01\/small_20260112_110151-e1768292872765-768x1024.jpg 768w, https:\/\/agerdal.dk\/wp-content\/uploads\/2026\/01\/small_20260112_110151-e1768292872765-225x300.jpg 225w, https:\/\/agerdal.dk\/wp-content\/uploads\/2026\/01\/small_20260112_110151-e1768292872765.jpg 900w\" sizes=\"auto, (max-width: 767px) 89vw, (max-width: 1000px) 54vw, (max-width: 1071px) 543px, 580px\" \/><\/figure>\n\n\n\n<figure class=\"wp-block-image size-large\"><img loading=\"lazy\" decoding=\"async\" width=\"768\" height=\"1024\" data-id=\"770\" src=\"https:\/\/agerdal.dk\/wp-content\/uploads\/2026\/01\/small_20260112_110145-e1768292865575-768x1024.jpg\" alt=\"\" class=\"wp-image-770\" srcset=\"https:\/\/agerdal.dk\/wp-content\/uploads\/2026\/01\/small_20260112_110145-e1768292865575-768x1024.jpg 768w, https:\/\/agerdal.dk\/wp-content\/uploads\/2026\/01\/small_20260112_110145-e1768292865575-225x300.jpg 225w, https:\/\/agerdal.dk\/wp-content\/uploads\/2026\/01\/small_20260112_110145-e1768292865575.jpg 900w\" sizes=\"auto, (max-width: 767px) 89vw, (max-width: 1000px) 54vw, (max-width: 1071px) 543px, 580px\" \/><\/figure>\n<\/figure>\n\n\n\n<p>\u00d8stv\u00e6relset med en trekvartseng, stort skab og arbejdsbord.<\/p>\n\n\n\n<figure class=\"wp-block-gallery has-nested-images columns-default is-cropped wp-block-gallery-4 is-layout-flex wp-block-gallery-is-layout-flex\">\n<figure class=\"wp-block-image size-large\"><img loading=\"lazy\" decoding=\"async\" width=\"768\" height=\"1024\" data-id=\"779\" src=\"https:\/\/agerdal.dk\/wp-content\/uploads\/2026\/01\/small_20260112_105500-e1768292793498-768x1024.jpg\" alt=\"\" class=\"wp-image-779\" srcset=\"https:\/\/agerdal.dk\/wp-content\/uploads\/2026\/01\/small_20260112_105500-e1768292793498-768x1024.jpg 768w, https:\/\/agerdal.dk\/wp-content\/uploads\/2026\/01\/small_20260112_105500-e1768292793498-225x300.jpg 225w, https:\/\/agerdal.dk\/wp-content\/uploads\/2026\/01\/small_20260112_105500-e1768292793498.jpg 900w\" sizes=\"auto, (max-width: 767px) 89vw, (max-width: 1000px) 54vw, (max-width: 1071px) 543px, 580px\" \/><\/figure>\n\n\n\n<figure class=\"wp-block-image size-large\"><img loading=\"lazy\" decoding=\"async\" width=\"1024\" height=\"768\" data-id=\"778\" src=\"https:\/\/agerdal.dk\/wp-content\/uploads\/2026\/01\/small_20260112_105535-1024x768.jpg\" alt=\"\" class=\"wp-image-778\" srcset=\"https:\/\/agerdal.dk\/wp-content\/uploads\/2026\/01\/small_20260112_105535-1024x768.jpg 1024w, https:\/\/agerdal.dk\/wp-content\/uploads\/2026\/01\/small_20260112_105535-300x225.jpg 300w, https:\/\/agerdal.dk\/wp-content\/uploads\/2026\/01\/small_20260112_105535-768x576.jpg 768w, https:\/\/agerdal.dk\/wp-content\/uploads\/2026\/01\/small_20260112_105535.jpg 1200w\" sizes=\"auto, (max-width: 767px) 89vw, (max-width: 1000px) 54vw, (max-width: 1071px) 543px, 580px\" \/><\/figure>\n<\/figure>\n\n\n\n<p>Badev\u00e6relset<\/p>\n\n\n\n<figure class=\"wp-block-gallery has-nested-images columns-default is-cropped wp-block-gallery-5 is-layout-flex wp-block-gallery-is-layout-flex\"><\/figure>\n","protected":false},"excerpt":{"rendered":"<p>Det sorte Hus er Agedals g\u00e6stehus. Huset er 56 m stort og ligger for sig selv, nord for stuehuset, med udsigt over marken og k\u00f8kkenhaven. Det er indrettet med to gode v\u00e6relser, eget bad\/ toilet, stue og k\u00f8kken. Stue og k\u00f8kken. K\u00f8kkenet er indrettet med komfur, k\u00f8leskab og almindeligt husger\u00e5d. Der er kaffe og te &hellip; <\/p>\n<p class=\"link-more\"><a href=\"https:\/\/agerdal.dk\/\" class=\"more-link\">L\u00e6s videre<span class=\"screen-reader-text\"> &#8220;Det sorte Hus&#8221;<\/span><\/a><\/p>\n","protected":false},"author":2,"featured_media":668,"parent":0,"menu_order":0,"comment_status":"closed","ping_status":"closed","template":"","meta":{"footnotes":""},"class_list":["post-7","page","type-page","status-publish","has-post-thumbnail","hentry"],"_links":{"self":[{"href":"https:\/\/agerdal.dk\/index.php?rest_route=\/wp\/v2\/pages\/7","targetHints":{"allow":["GET"]}}],"collection":[{"href":"https:\/\/agerdal.dk\/index.php?rest_route=\/wp\/v2\/pages"}],"about":[{"href":"https:\/\/agerdal.dk\/index.php?rest_route=\/wp\/v2\/types\/page"}],"author":[{"embeddable":true,"href":"https:\/\/agerdal.dk\/index.php?rest_route=\/wp\/v2\/users\/2"}],"replies":[{"embeddable":true,"href":"https:\/\/agerdal.dk\/index.php?rest_route=%2Fwp%2Fv2%2Fcomments&post=7"}],"version-history":[{"count":49,"href":"https:\/\/agerdal.dk\/index.php?rest_route=\/wp\/v2\/pages\/7\/revisions"}],"predecessor-version":[{"id":818,"href":"https:\/\/agerdal.dk\/index.php?rest_route=\/wp\/v2\/pages\/7\/revisions\/818"}],"wp:featuredmedia":[{"embeddable":true,"href":"https:\/\/agerdal.dk\/index.php?rest_route=\/wp\/v2\/media\/668"}],"wp:attachment":[{"href":"https:\/\/agerdal.dk\/index.php?rest_route=%2Fwp%2Fv2%2Fmedia&parent=7"}],"curies":[{"name":"wp","href":"https:\/\/api.w.org\/{rel}","templated":true}]}}